{"id":19,"date":"2012-11-09T10:02:57","date_gmt":"2012-11-09T08:02:57","guid":{"rendered":"http:\/\/www.hunde-verstaendnis.de\/?page_id=19"},"modified":"2025-09-10T12:55:57","modified_gmt":"2025-09-10T10:55:57","slug":"impressum","status":"publish","type":"page","link":"http:\/\/www.hunde-verstaendnis.de\/?page_id=19","title":{"rendered":"Impressum \/ AGB"},"content":{"rendered":"<h1>Impressum<\/h1>\n<p>Angaben gem\u00e4\u00df \u00a7 5 TMG<\/p>\n<p>Stefanie Reimers (geb. Blawe)<\/p>\n<p>Syltkuhlen 181<\/p>\n<p>22850 Norderstedt<\/p>\n<p><strong>Vertreten durch:\u00a0<\/strong><br \/>\nStefanie Reimers (geb. Blawe)<\/p>\n<p><strong>Kontakt:<\/strong><br \/>\nTelefon: 0174-4633305<br \/>\nE-Mail:\u00a0<a href=\"mailto:info@hunde-verstaendnis.de\">info@hunde-verstaendnis.de<\/a><\/p>\n<p><strong>Haftungsausschluss:\u00a0<\/strong><\/p>\n<p><strong>Haftung f\u00fcr Inhalte<\/strong><\/p>\n<p>Die Inhalte unserer Seiten wurden mit gr\u00f6\u00dfter Sorgfalt erstellt. F\u00fcr die Richtigkeit, Vollst\u00e4ndigkeit und Aktualit\u00e4t der Inhalte k\u00f6nnen wir jedoch keine Gew\u00e4hr \u00fcbernehmen. Als Diensteanbieter sind wir gem\u00e4\u00df \u00a7 7 Abs.1 TMG f\u00fcr eigene Inhalte auf diesen Seiten nach den allgemeinen Gesetzen verantwortlich. Nach \u00a7\u00a7 8 bis 10 TMG sind wir als Diensteanbieter jedoch nicht verpflichtet, \u00fcbermittelte oder gespeicherte fremde Informationen zu \u00fcberwachen oder nach Umst\u00e4nden zu forschen, die auf eine rechtswidrige T\u00e4tigkeit hinweisen. Verpflichtungen zur Entfernung oder Sperrung der Nutzung von Informationen nach den allgemeinen Gesetzen bleiben hiervon unber\u00fchrt. Eine diesbez\u00fcgliche Haftung ist jedoch erst ab dem Zeitpunkt der Kenntnis einer konkreten Rechtsverletzung m\u00f6glich. Bei Bekanntwerden von entsprechenden Rechtsverletzungen werden wir diese Inhalte umgehend entfernen.<\/p>\n<p><strong>Haftung f\u00fcr Links<\/strong><\/p>\n<p>Unser Angebot enth\u00e4lt Links zu externen Webseiten Dritter, auf deren Inhalte wir keinen Einfluss haben. Deshalb k\u00f6nnen wir f\u00fcr diese fremden Inhalte auch keine Gew\u00e4hr \u00fcbernehmen. F\u00fcr die Inhalte der verlinkten Seiten ist stets der jeweilige Anbieter oder Betreiber der Seiten verantwortlich. Die verlinkten Seiten wurden zum Zeitpunkt der Verlinkung auf m\u00f6gliche Rechtsverst\u00f6\u00dfe \u00fcberpr\u00fcft. Rechtswidrige Inhalte waren zum Zeitpunkt der Verlinkung nicht erkennbar. Eine permanente inhaltliche Kontrolle der verlinkten Seiten ist jedoch ohne konkrete Anhaltspunkte einer Rechtsverletzung nicht zumutbar. Bei Bekanntwerden von Rechtsverletzungen werden wir derartige Links umgehend entfernen.<\/p>\n<p><strong>Hundeschule Hundeverst\u00e4ndnis hat die<\/strong> <b>Erlaubnis nach \u00a711 Abs. 1 Satz 1 Nr. 8 Tierschutzgesetz <\/b>(TierSchG)<\/p>\n<p><a href=\"http:\/\/www.impressum-generator.de\/\">Homepage-Impressum<\/a>\u00a0erstellt durch impressum-generator.de von Franziska Hasselbach,\u00a0<a href=\"http:\/\/www.scheidungskosten-rechner.info\/\">www.scheidungskosten-rechner.info<\/a><\/p>\n<div><\/div>\n<div><\/div>\n<h1>Allgemeine Gesch\u00e4ftsbedingungen<\/h1>\n<p><strong>Allgemeines<\/strong> Diese Allgemeinen Gesch\u00e4ftsbedingungen sind Bestandteil aller Vertr\u00e4ge mit unseren Kunden. Mit seiner Anmeldung best\u00e4tigt der Kunde\/die Kundin die vorliegenden AGB gelesen, verstanden und akzeptiert zu haben.<\/p>\n<p><strong>Anmeldung &amp; Vertragsabschluss<\/strong> Mit der Anmeldung (telefonisch\/schriftlich) bietet der Interessent der Hundeschule Hundeverstaendnis\/ Jagdhundeschule Segeberg (Inhaberin Stefanie Reimers Blawe) den Abschluss des Vertrages verbindlich an. Der Vertrag kommt mit der Annahme durch die Inhaberin der Hundeschule zustande und bedarf keiner bestimmten Form.<\/p>\n<p><strong>Zahlung<\/strong> Die Anmeldung zu Einzel- und Gruppentrainings sowie Seminaren, Workshops oder sonstigen Veranstaltungen verpflichtet zur Zahlung der vereinbarten Geb\u00fchr in bar und im Voraus. Alle Preise sind Bruttopreise und verstehen sich inkl. der gesetzl. Mehrwertsteuer. Aufgrund der Kleinunternehmerschaft sind alle Leistungen laut UStG. umsatzsteuerfrei. Der Kunde\/die Kundin ist nicht berechtigt, wegen streitiger Gew\u00e4hrleistungsanspr\u00fcche die Geb\u00fchr zur\u00fcckzuhalten oder mit nicht anerkannten oder rechtskr\u00e4ftig festgestellten Gegenforderungen aufzurechnen oder ein Zur\u00fcckbehaltungsrecht geltend zu machen.<\/p>\n<p><strong>R\u00fccktritt<\/strong> Eine Absage oder Verschiebung des vereinbarten Trainings\/sonstige Veranstaltung muss mindestens 24 Stunden bzw. mindestens 4 Wochen bei Workshops\/ Kursen vorher durch den Kunden\/die Kundin erfolgen. Erfolgt dies nicht oder sp\u00e4ter, wird das Training\/die Veranstaltung berechnet. Einen Ortswechsel des geplanten Trainings\/Veranstaltung beh\u00e4lt sich die Hundeschule vor. Die Hundeschule beh\u00e4lt sich vor vom Vertrag ohne Einhaltung einer Frist zur\u00fccktreten, wenn der Kunde\/die Kundin das Training\/die Veranstaltung bewusst st\u00f6rt, der Kunde\/die Kundin sich den Anweisungen der Trainerin widersetzt oder der Kunde\/die Kundin sein Tier vors\u00e4tzlich misshandelt bzw. sich entgegen dem TierSchutzGesetz verh\u00e4lt Bereits gezahlte Geb\u00fchren \u2013 auch f\u00fcr nicht in Anspruch genommene Leistungen &#8211; werden in diesem Fall nicht erstattet. Bei Ausfall der Trainerin werden die ausgefallenen Leistungen zu einem sp\u00e4teren Zeitpunkt nachgeholt oder \u2013 falls dies durch die Trainerin nicht m\u00f6glich ist &#8211; die geleisteten Zahlungen ohne Abzug zur\u00fcckerstattet.<\/p>\n<p><strong>Gew\u00e4hrleistung\/ Haftung<\/strong> Es gelten die gesetzlichen Gew\u00e4hrleistungs- und Haftungsvorschriften. Jeder Kunde muss zudem eine Haftpflichtversicherung f\u00fcr seine Hund\/seine Hunde abgeschlossen haben, sonst ist eine Teilnahme nicht m\u00f6glich. Die Hundeschule haftet nicht f\u00fcr Sch\u00e4den, die von Hunden ver\u00fcbt wurden. Die Teilnahme bzw. der Besuch der Angebote oder anderer Veranstaltungen der Hundeschule erfolgt auf eigenes Risiko. Der Kunde\/die Kundin haftet f\u00fcr die von sich und\/oder ihrem\/seinem Hund verursachten Sch\u00e4den.<\/p>\n<p><strong>Mitwirkungspflicht der Kunden<\/strong> Jeder Kunde\/jede Kundin ist verpflichtet, den Anweisungen der Trainerin Folge zu leisten und entsprechend dem Ausbildungs-\/Pr\u00fcfungsziel aktiv mitzuwirken. Eine Erfolgsgarantie des Trainings wird nicht gegeben, da der Erfolg des Trainings ma\u00dfgeblich von dem Kunden\/der Kundin selbst abh\u00e4ngt. Der Kunde\/die Kundin versichert, dass der Hund geimpft (bei Welpen dem Alter angemessen), entwurmt und ungezieferfrei, beh\u00f6rdlich angemeldet und ausreichend haftpflichtversichert ist. Auf Verlangen hat der Kunde\/ die Kundin Impfpass, Anmeldebescheinigung und Police der Haftpflichtversicherung vorzuzeigen.<\/p>\n<p><strong>Ausschluss<\/strong> Ein Kunde\/eine Kundin, die die jeweiligen Geb\u00fchren nicht entrichtet haben oder die Veranstaltung nachhaltig st\u00f6ren, k\u00f6nnen durch die Veranstalterin ausgeschlossen werden. Eine Pflicht zur R\u00fcckzahlung bereits entrichteter Geb\u00fchren besteht in diesem Fall nicht.<br \/>\n<strong>Geltung<\/strong> Diese Allgemeinen Gesch\u00e4ftsbedingungen werden ab 01.08.2010 f\u00fcr alle neuen Vertr\u00e4ge wirksam.<\/p>\n<p><strong>Gerichtsstand<\/strong> Gerichtsstand f\u00fcr alle Anspr\u00fcche ist Bad Segeberg.<\/p>\n<p><strong>Salvatorische Klausel<\/strong> F\u00fcr den Fall der Unwirksamkeit einzelner Klauseln soll der dar\u00fcber hinausgehende Vertrag wirksam bleiben.<\/p>\n","protected":false},"excerpt":{"rendered":"<p>Impressum Angaben gem\u00e4\u00df \u00a7 5 TMG Stefanie Reimers (geb. Blawe) Syltkuhlen 181 22850 Norderstedt Vertreten durch:\u00a0 Stefanie Reimers (geb. Blawe) Kontakt: Telefon: 0174-4633305 E-Mail:\u00a0info@hunde-verstaendnis.de Haftungsausschluss:\u00a0 Haftung f\u00fcr Inhalte Die Inhalte unserer Seiten wurden mit gr\u00f6\u00dfter Sorgfalt erstellt. F\u00fcr die Richtigkeit, Vollst\u00e4ndigkeit und Aktualit\u00e4t der Inhalte k\u00f6nnen wir jedoch keine Gew\u00e4hr \u00fcbernehmen. Als Diensteanbieter sind wir [&hellip;]<\/p>\n","protected":false},"author":1,"featured_media":0,"parent":0,"menu_order":0,"comment_status":"closed","ping_status":"closed","template":"","meta":{"footnotes":""},"class_list":["post-19","page","type-page","status-publish","hentry"],"_links":{"self":[{"href":"http:\/\/www.hunde-verstaendnis.de\/index.php?rest_route=\/wp\/v2\/pages\/19","targetHints":{"allow":["GET"]}}],"collection":[{"href":"http:\/\/www.hunde-verstaendnis.de\/index.php?rest_route=\/wp\/v2\/pages"}],"about":[{"href":"http:\/\/www.hunde-verstaendnis.de\/index.php?rest_route=\/wp\/v2\/types\/page"}],"author":[{"embeddable":true,"href":"http:\/\/www.hunde-verstaendnis.de\/index.php?rest_route=\/wp\/v2\/users\/1"}],"replies":[{"embeddable":true,"href":"http:\/\/www.hunde-verstaendnis.de\/index.php?rest_route=%2Fwp%2Fv2%2Fcomments&post=19"}],"version-history":[{"count":16,"href":"http:\/\/www.hunde-verstaendnis.de\/index.php?rest_route=\/wp\/v2\/pages\/19\/revisions"}],"predecessor-version":[{"id":1202,"href":"http:\/\/www.hunde-verstaendnis.de\/index.php?rest_route=\/wp\/v2\/pages\/19\/revisions\/1202"}],"wp:attachment":[{"href":"http:\/\/www.hunde-verstaendnis.de\/index.php?rest_route=%2Fwp%2Fv2%2Fmedia&parent=19"}],"curies":[{"name":"wp","href":"https:\/\/api.w.org\/{rel}","templated":true}]}}