{"id":21,"date":"2012-11-09T10:02:35","date_gmt":"2012-11-09T08:02:35","guid":{"rendered":"http:\/\/www.hunde-verstaendnis.de\/?page_id=21"},"modified":"2015-09-20T12:46:31","modified_gmt":"2015-09-20T10:46:31","slug":"familienhunde","status":"publish","type":"page","link":"http:\/\/www.hunde-verstaendnis.de\/?page_id=21","title":{"rendered":"Familienhundeschule"},"content":{"rendered":"<p>Hunde begleiten den Menschen nun seit ca. 14000 Jahren. Anfangs fungierten sie \u00fcberwiegend als Nutztier, heute sind sie das nur noch in den seltensten F\u00e4llen. Immer h\u00e4ufiger nehmen sie die Position eines Sozialpartners ein und sind somit Teil einer komplexen Beziehung.<\/p>\n<p>Genau dieser Wandel fordert von unserem Partner Hund eine soziale sowie flexible Anpassungsf\u00e4higkeit. Fr\u00fcher hat z. B. ein Herdenschutzhund nahezu unbeeinflusst vom Menschen auf Schafe aufgepasst und diese auch verteidigt. Heute soll \u201eder gleiche Hund\u201c jede Verantwortung abgeben, still neben dem Bistrotisch liegen und anschlie\u00dfend brav an der Leine mit seinem Menschen nachhause gehen.<\/p>\n<p>Wie aber bringe ich meinen Hund dazu, diesen neuen Anforderungen gerecht zu werden und die damit verbundene soziale Vertr\u00e4glichkeit und Kompetenz zu erlernen?<\/p>\n<p>Oft haben Hundehalter schon Etliches an Lekt\u00fcre gelesen, Hundeschulen besucht und Methoden ausprobiert. Jedoch selten mit \u00fcberzeugendem Erfolg.<\/p>\n<p>Beziehungen werden von mir immer als ein individuelles, soziales Gef\u00fcge betrachtet. Diese Sichtweise erm\u00f6glicht es, Sie angepasst beraten zu k\u00f6nnen. Ich helfe Ihnen dabei, das Verhalten Ihres Hundes zu verstehen, sich selbst im Umgang mit ihm zu reflektieren und Sie handlungsf\u00e4hig\u00a0im Umgang mit\u00a0Ihrem Hund zu machen. Klare Strukturen bieten hierbei die Grundlage f\u00fcr eine ausgewogene, faire Beziehung. Dabei stehen K\u00f6rpersprache, Kommunikation und das Erkennen eigener M\u00f6glichkeiten im Mittelpunkt.<\/p>\n<p>Gerne begleite ich Sie auf Ihrem\u00a0gemeinsamen Weg.<\/p>\n<p>Ich freue mich auf Sie und Ihren Hund.<\/p>\n","protected":false},"excerpt":{"rendered":"<p>Hunde begleiten den Menschen nun seit ca. 14000 Jahren. Anfangs fungierten sie \u00fcberwiegend als Nutztier, heute sind sie das nur noch in den seltensten F\u00e4llen. Immer h\u00e4ufiger nehmen sie die Position eines Sozialpartners ein und sind somit Teil einer komplexen Beziehung. Genau dieser Wandel fordert von unserem Partner Hund eine soziale sowie flexible Anpassungsf\u00e4higkeit. Fr\u00fcher [&hellip;]<\/p>\n","protected":false},"author":1,"featured_media":0,"parent":0,"menu_order":0,"comment_status":"closed","ping_status":"closed","template":"","meta":{"footnotes":""},"class_list":["post-21","page","type-page","status-publish","hentry"],"_links":{"self":[{"href":"http:\/\/www.hunde-verstaendnis.de\/index.php?rest_route=\/wp\/v2\/pages\/21","targetHints":{"allow":["GET"]}}],"collection":[{"href":"http:\/\/www.hunde-verstaendnis.de\/index.php?rest_route=\/wp\/v2\/pages"}],"about":[{"href":"http:\/\/www.hunde-verstaendnis.de\/index.php?rest_route=\/wp\/v2\/types\/page"}],"author":[{"embeddable":true,"href":"http:\/\/www.hunde-verstaendnis.de\/index.php?rest_route=\/wp\/v2\/users\/1"}],"replies":[{"embeddable":true,"href":"http:\/\/www.hunde-verstaendnis.de\/index.php?rest_route=%2Fwp%2Fv2%2Fcomments&post=21"}],"version-history":[{"count":9,"href":"http:\/\/www.hunde-verstaendnis.de\/index.php?rest_route=\/wp\/v2\/pages\/21\/revisions"}],"predecessor-version":[{"id":745,"href":"http:\/\/www.hunde-verstaendnis.de\/index.php?rest_route=\/wp\/v2\/pages\/21\/revisions\/745"}],"wp:attachment":[{"href":"http:\/\/www.hunde-verstaendnis.de\/index.php?rest_route=%2Fwp%2Fv2%2Fmedia&parent=21"}],"curies":[{"name":"wp","href":"https:\/\/api.w.org\/{rel}","templated":true}]}}