{"id":749,"date":"2015-10-14T21:06:05","date_gmt":"2015-10-14T19:06:05","guid":{"rendered":"http:\/\/www.hunde-verstaendnis.de\/?page_id=749"},"modified":"2025-08-10T17:16:41","modified_gmt":"2025-08-10T15:16:41","slug":"fruehfoerderung-jagdhund","status":"publish","type":"page","link":"http:\/\/www.hunde-verstaendnis.de\/?page_id=749","title":{"rendered":"Fr\u00fchf\u00f6rderung des jungen Jagdhundes"},"content":{"rendered":"<p><img loading=\"lazy\" decoding=\"async\" class=\"aligncenter wp-image-670 size-full\" src=\"http:\/\/www.hunde-verstaendnis.de\/wp-content\/uploads\/2015\/04\/Fr.Gruen.jpg\" alt=\"Fr.Gr\u00fcn\" width=\"1000\" height=\"667\" srcset=\"http:\/\/www.hunde-verstaendnis.de\/wp-content\/uploads\/2015\/04\/Fr.Gruen.jpg 1000w, http:\/\/www.hunde-verstaendnis.de\/wp-content\/uploads\/2015\/04\/Fr.Gruen-300x200.jpg 300w\" sizes=\"auto, (max-width: 1000px) 100vw, 1000px\" \/><\/p>\n<p>Diese Ausbildungslehrg\u00e4nge richten sich an Hundef\u00fchrer von Jagdhundewelpen bzw. Junghunden mit dem Ziel einen zuverl\u00e4ssigen und vielseitig einsetzbaren Jagdhund zu f\u00fchren. Gleichzeitig soll der Hund zu einem sozialvertr\u00e4glichen und gut erzogenem Familienhund heranwachsen. Wir bieten eine Kombination zwischen Spiel und Arbeit. Sozialkontakte mit\u00a0 anderen \u00e4hnlich alten Jagdhunden verschiedener Rassen und Gr\u00f6\u00dfen. Das Erlernen von allgemeinen und jagdlichen Kommandos, Erleben von Alltagssituationen und jagdlichen Arbeiten. Zus\u00e4tzlich vermitteln wir die theoretischen Grundlagen der Hundeausbildung.<\/p>\n<p><strong>Themenbeispiele Welpenkurs: <\/strong><\/p>\n<ul>\n<li>Grundkommandos wie: Nein,\u00a0 Aus, Sitz, Platz (Ablegen), Halt, Komm<\/li>\n<li>Soziale Kompetenz des Hundef\u00fchrers auch in Stresssituationen<\/li>\n<li>Sozialvertr\u00e4glichkeit<\/li>\n<li>Gew\u00f6hnung an Umgebungen\/ Au\u00dfenreize<\/li>\n<li>Haltungsbedingungen<\/li>\n<li>Orientierung am Menschen und Folgen an der Leine<\/li>\n<li>Schusstoleranz und Schussruhe<\/li>\n<li>Wildgew\u00f6hnung<\/li>\n<li>Vorbereitung Bringen (Ausf\u00fchrlich in den Apportierkursen)<\/li>\n<\/ul>\n<p><strong>Themenbeispiele Junghundkurs:<\/strong><\/p>\n<ul>\n<li>Vorbereitung Vorstehen<\/li>\n<li>Standruhe<\/li>\n<li>Erste Einarbeitung am Wasser (nach Wetterlage)<\/li>\n<li>Reviererkundung<\/li>\n<\/ul>\n<p><strong>Termine\/Ort:<\/strong>\u00a0in Norderstedt und nach Absprache. Die Kurse finden ab einer Gruppengr\u00f6\u00dfe von 4 Hunden statt.<\/p>\n<p><strong>Kosten Welpenkurs: <\/strong>160,-\u20ac, 8 Gruppentermine (ca. 8. &#8211; 16. Lebenswoche)<\/p>\n<p><strong>Kosten Junghundkurs:\u00a0<\/strong>200,-\u20ac, 6 Gruppentermine<\/p>\n<p><strong>zus\u00e4tzlich: <\/strong>im Herbst nach Absprache Wochenendtermine zum \u00dcben der Suche inkl. Schussfestigkeit <a href=\"http:\/\/www.hunde-verstaendnis.de\/?page_id=792\">weitere Infos<\/a><\/p>\n","protected":false},"excerpt":{"rendered":"<p>Diese Ausbildungslehrg\u00e4nge richten sich an Hundef\u00fchrer von Jagdhundewelpen bzw. Junghunden mit dem Ziel einen zuverl\u00e4ssigen und vielseitig einsetzbaren Jagdhund zu f\u00fchren. Gleichzeitig soll der Hund zu einem sozialvertr\u00e4glichen und gut erzogenem Familienhund heranwachsen. Wir bieten eine Kombination zwischen Spiel und Arbeit. Sozialkontakte mit\u00a0 anderen \u00e4hnlich alten Jagdhunden verschiedener Rassen und Gr\u00f6\u00dfen. Das Erlernen von allgemeinen [&hellip;]<\/p>\n","protected":false},"author":1,"featured_media":670,"parent":0,"menu_order":0,"comment_status":"closed","ping_status":"closed","template":"","meta":{"footnotes":""},"class_list":["post-749","page","type-page","status-publish","has-post-thumbnail","hentry"],"_links":{"self":[{"href":"http:\/\/www.hunde-verstaendnis.de\/index.php?rest_route=\/wp\/v2\/pages\/749","targetHints":{"allow":["GET"]}}],"collection":[{"href":"http:\/\/www.hunde-verstaendnis.de\/index.php?rest_route=\/wp\/v2\/pages"}],"about":[{"href":"http:\/\/www.hunde-verstaendnis.de\/index.php?rest_route=\/wp\/v2\/types\/page"}],"author":[{"embeddable":true,"href":"http:\/\/www.hunde-verstaendnis.de\/index.php?rest_route=\/wp\/v2\/users\/1"}],"replies":[{"embeddable":true,"href":"http:\/\/www.hunde-verstaendnis.de\/index.php?rest_route=%2Fwp%2Fv2%2Fcomments&post=749"}],"version-history":[{"count":17,"href":"http:\/\/www.hunde-verstaendnis.de\/index.php?rest_route=\/wp\/v2\/pages\/749\/revisions"}],"predecessor-version":[{"id":1160,"href":"http:\/\/www.hunde-verstaendnis.de\/index.php?rest_route=\/wp\/v2\/pages\/749\/revisions\/1160"}],"wp:featuredmedia":[{"embeddable":true,"href":"http:\/\/www.hunde-verstaendnis.de\/index.php?rest_route=\/wp\/v2\/media\/670"}],"wp:attachment":[{"href":"http:\/\/www.hunde-verstaendnis.de\/index.php?rest_route=%2Fwp%2Fv2%2Fmedia&parent=749"}],"curies":[{"name":"wp","href":"https:\/\/api.w.org\/{rel}","templated":true}]}}