{"id":763,"date":"2015-10-14T21:51:30","date_gmt":"2015-10-14T19:51:30","guid":{"rendered":"http:\/\/www.hunde-verstaendnis.de\/?page_id=763"},"modified":"2022-11-01T14:06:50","modified_gmt":"2022-11-01T12:06:50","slug":"apportierkurs-1","status":"publish","type":"page","link":"http:\/\/www.hunde-verstaendnis.de\/?page_id=763","title":{"rendered":"Apportierkurs (1)"},"content":{"rendered":"<p><img loading=\"lazy\" decoding=\"async\" class=\"wp-image-766 aligncenter\" src=\"http:\/\/www.hunde-verstaendnis.de\/wp-content\/uploads\/2015\/10\/HP-e1444852728152.jpg\" alt=\"Apport I\" width=\"1000\" height=\"668\" \/><\/p>\n<p>Bei vielen Rassen ist das Apportieren ein fester Bestandteil der anstehenden Pr\u00fcfungen und somit ein wichtiger Bestandteil der Ausbildung.<\/p>\n<p>Gemeinsam wollen wir uns mit den Grundlagen vom Apport auseinandersetzen, den Hunden das Apportieren beibringen und das Erlernte verfestigen.<\/p>\n<p>F\u00fcr das Beibringen nutzen wir u.a. die Vorteile des Klicker-Trainings*. Ziel ist es, dass der Hund die Bedeutung des Wortes \u201eApport\u201c lernt und verschiedene Apportiergegenst\u00e4nde sicher aus der Hand und vom Boden aufnimmt.<\/p>\n<p>Dieser Apportierkurs wird zur Vorbereitung auf den Apportierkurs (2) und die HZP Vorbereitung empfohlen<\/p>\n<p><strong>Termine:\u00a0 \u00a0 \u00a0 \u00a0 \u00a0 \u00a0 \u00a0 \u00a0 \u00a0 Samstags<\/strong> 12:00 Uhr und 13:15 Uhr.<\/p>\n<p><strong>Teilnehmer:\u00a0\u00a0\u00a0\u00a0\u00a0\u00a0\u00a0\u00a0\u00a0\u00a0\u00a0\u00a0<\/strong>Je Gruppe 3-5 Gespanne<\/p>\n<p><strong>Dauer:\u00a0\u00a0\u00a0\u00a0\u00a0\u00a0\u00a0\u00a0\u00a0\u00a0\u00a0\u00a0\u00a0\u00a0\u00a0\u00a0\u00a0\u00a0\u00a0\u00a0\u00a0\u00a0 <\/strong>1 Stunde<\/p>\n<p><strong>Mitzubringen:\u00a0\u00a0\u00a0\u00a0\u00a0\u00a0\u00a0 <\/strong>ausreichend hochwertige Leckerlies (z.B. <u>kleine<\/u> K\u00e4se-\/Wurstw\u00fcrfel)<\/p>\n<p><strong>Kosten:\u00a0 \u00a0 \u00a0 \u00a0 \u00a0 \u00a0 \u00a0 \u00a0 \u00a0 \u00a0 \u00a0 280,<\/strong>&#8211; \u20ac (8 Termine)<\/p>\n<h1 style=\"text-align: center;\"><span style=\"color: #ff0000;\"><strong>\u00a0<\/strong><\/span><\/h1>\n<p><em>*Klickertraining bezeichnet eine Methode der Verhaltensbeeinflussung (oder Ausbildung) von Tieren. Mit Hilfe eines Klickers (einem Ger\u00e4t, das ein akustisches Signal oder Ger\u00e4usch in Form eines \u201eKlicks\u201c erzeugt) werden erw\u00fcnschte Verhaltensweisen verst\u00e4rkt. Aus wissenschaftlicher Sicht f\u00e4llt das Klickertraining unter die operante Konditionierung, bei systematischer Verwendung des Klickers als konditioniertem, sekund\u00e4rem Verst\u00e4rker.<\/em><\/p>\n","protected":false},"excerpt":{"rendered":"<p>Bei vielen Rassen ist das Apportieren ein fester Bestandteil der anstehenden Pr\u00fcfungen und somit ein wichtiger Bestandteil der Ausbildung. Gemeinsam wollen wir uns mit den Grundlagen vom Apport auseinandersetzen, den Hunden das Apportieren beibringen und das Erlernte verfestigen. F\u00fcr das Beibringen nutzen wir u.a. die Vorteile des Klicker-Trainings*. Ziel ist es, dass der Hund die [&hellip;]<\/p>\n","protected":false},"author":1,"featured_media":0,"parent":0,"menu_order":0,"comment_status":"closed","ping_status":"closed","template":"","meta":{"footnotes":""},"class_list":["post-763","page","type-page","status-publish","hentry"],"_links":{"self":[{"href":"http:\/\/www.hunde-verstaendnis.de\/index.php?rest_route=\/wp\/v2\/pages\/763","targetHints":{"allow":["GET"]}}],"collection":[{"href":"http:\/\/www.hunde-verstaendnis.de\/index.php?rest_route=\/wp\/v2\/pages"}],"about":[{"href":"http:\/\/www.hunde-verstaendnis.de\/index.php?rest_route=\/wp\/v2\/types\/page"}],"author":[{"embeddable":true,"href":"http:\/\/www.hunde-verstaendnis.de\/index.php?rest_route=\/wp\/v2\/users\/1"}],"replies":[{"embeddable":true,"href":"http:\/\/www.hunde-verstaendnis.de\/index.php?rest_route=%2Fwp%2Fv2%2Fcomments&post=763"}],"version-history":[{"count":12,"href":"http:\/\/www.hunde-verstaendnis.de\/index.php?rest_route=\/wp\/v2\/pages\/763\/revisions"}],"predecessor-version":[{"id":1150,"href":"http:\/\/www.hunde-verstaendnis.de\/index.php?rest_route=\/wp\/v2\/pages\/763\/revisions\/1150"}],"wp:attachment":[{"href":"http:\/\/www.hunde-verstaendnis.de\/index.php?rest_route=%2Fwp%2Fv2%2Fmedia&parent=763"}],"curies":[{"name":"wp","href":"https:\/\/api.w.org\/{rel}","templated":true}]}}