{"id":776,"date":"2015-10-14T22:09:23","date_gmt":"2015-10-14T20:09:23","guid":{"rendered":"http:\/\/www.hunde-verstaendnis.de\/?page_id=776"},"modified":"2022-11-01T14:07:54","modified_gmt":"2022-11-01T12:07:54","slug":"apportierkurs-ii","status":"publish","type":"page","link":"http:\/\/www.hunde-verstaendnis.de\/?page_id=776","title":{"rendered":"Apportierkurs II"},"content":{"rendered":"<p><img loading=\"lazy\" decoding=\"async\" class=\"aligncenter wp-image-515 \" src=\"http:\/\/www.hunde-verstaendnis.de\/wp-content\/uploads\/2012\/11\/IMG_2798-e1444855006482.jpg\" alt=\"IMG_2798\" width=\"1002\" height=\"668\" \/><\/p>\n<p><strong>Dieser Apportierkurs wird zur Vorbereitung auf den HZP Kurs angeraten<\/strong><\/p>\n<p><strong>\u00a0<\/strong><strong>Themen:\u00a0\u00a0\u00a0\u00a0\u00a0\u00a0<\/strong><\/p>\n<ul>\n<li>Apport<\/li>\n<li>Verhaltenstest bei Zucht Pr\u00fcfungen<\/li>\n<li>K\u00f6rperkontrolle \u2013 Z\u00e4hne, Augen, Hoden, Gr\u00f6\u00dfenmessung, T\u00e4to-Nr., Microchip<\/li>\n<li>Standruhe in neuen Situationen festigen<\/li>\n<\/ul>\n<p><strong>Ziele:<\/strong><\/p>\n<ul>\n<li>der Hund festigt Apport unter Ablenkung<\/li>\n<li>der Hund soll verschiedene Apportiergegenst\u00e4nde sicher aus der Hand, vom Boden und aus der Bewegung aufnehmen<\/li>\n<li>der F\u00fchrer\/die F\u00fchrerin soll lernen, wie er\/sie den Befehl Apport durchsetzt<\/li>\n<li>Raubwild und Nutzwild soll apportiert werden<\/li>\n<li>alle Situationen rund um die Pr\u00fcfung sollen selbstverst\u00e4ndlich werden<\/li>\n<li>bei speziellen Verhaltenstests der einzelnen Rassen bitte die jeweilige Pr\u00fcfungsordnung mitbringen<strong><br \/>\n<\/strong><\/li>\n<\/ul>\n<p><strong>Termine\/Ort:<\/strong><\/p>\n<ul>\n<li>Hundeplatz Norderstedt<\/li>\n<li>Samstags 12:00 Uhr<\/li>\n<\/ul>\n<p><strong>Kosten : 280<\/strong>,- \u20ac (8 Termine 1,5 Stunden)<\/p>\n<p><strong>Vorhanden sind:<\/strong><\/p>\n<ul>\n<li>viele verschiedene Apportiergegenst\u00e4nde zum \u00dcben vor Ort<\/li>\n<\/ul>\n<p><strong>Kein Verleih von Apportiergegenst\u00e4nden!<\/strong><\/p>\n","protected":false},"excerpt":{"rendered":"<p>Dieser Apportierkurs wird zur Vorbereitung auf den HZP Kurs angeraten \u00a0Themen:\u00a0\u00a0\u00a0\u00a0\u00a0\u00a0 Apport Verhaltenstest bei Zucht Pr\u00fcfungen K\u00f6rperkontrolle \u2013 Z\u00e4hne, Augen, Hoden, Gr\u00f6\u00dfenmessung, T\u00e4to-Nr., Microchip Standruhe in neuen Situationen festigen Ziele: der Hund festigt Apport unter Ablenkung der Hund soll verschiedene Apportiergegenst\u00e4nde sicher aus der Hand, vom Boden und aus der Bewegung aufnehmen der F\u00fchrer\/die F\u00fchrerin [&hellip;]<\/p>\n","protected":false},"author":1,"featured_media":0,"parent":0,"menu_order":0,"comment_status":"closed","ping_status":"closed","template":"","meta":{"footnotes":""},"class_list":["post-776","page","type-page","status-publish","hentry"],"_links":{"self":[{"href":"http:\/\/www.hunde-verstaendnis.de\/index.php?rest_route=\/wp\/v2\/pages\/776","targetHints":{"allow":["GET"]}}],"collection":[{"href":"http:\/\/www.hunde-verstaendnis.de\/index.php?rest_route=\/wp\/v2\/pages"}],"about":[{"href":"http:\/\/www.hunde-verstaendnis.de\/index.php?rest_route=\/wp\/v2\/types\/page"}],"author":[{"embeddable":true,"href":"http:\/\/www.hunde-verstaendnis.de\/index.php?rest_route=\/wp\/v2\/users\/1"}],"replies":[{"embeddable":true,"href":"http:\/\/www.hunde-verstaendnis.de\/index.php?rest_route=%2Fwp%2Fv2%2Fcomments&post=776"}],"version-history":[{"count":8,"href":"http:\/\/www.hunde-verstaendnis.de\/index.php?rest_route=\/wp\/v2\/pages\/776\/revisions"}],"predecessor-version":[{"id":1151,"href":"http:\/\/www.hunde-verstaendnis.de\/index.php?rest_route=\/wp\/v2\/pages\/776\/revisions\/1151"}],"wp:attachment":[{"href":"http:\/\/www.hunde-verstaendnis.de\/index.php?rest_route=%2Fwp%2Fv2%2Fmedia&parent=776"}],"curies":[{"name":"wp","href":"https:\/\/api.w.org\/{rel}","templated":true}]}}