{"id":779,"date":"2015-10-14T22:12:22","date_gmt":"2015-10-14T20:12:22","guid":{"rendered":"http:\/\/www.hunde-verstaendnis.de\/?page_id=779"},"modified":"2021-11-12T12:33:09","modified_gmt":"2021-11-12T10:33:09","slug":"bringtreuevorbereitung-fuchsapport","status":"publish","type":"page","link":"http:\/\/www.hunde-verstaendnis.de\/?page_id=779","title":{"rendered":"Bringtreuevorbereitung &#038; Fuchsapport"},"content":{"rendered":"<p><img loading=\"lazy\" decoding=\"async\" class=\"size-full wp-image-406 aligncenter\" src=\"http:\/\/www.hunde-verstaendnis.de\/wp-content\/uploads\/2012\/11\/tmp_20140614_12164011865267833.jpg\" alt=\"Szeles mit Fuchs \" width=\"560\" height=\"973\" srcset=\"http:\/\/www.hunde-verstaendnis.de\/wp-content\/uploads\/2012\/11\/tmp_20140614_12164011865267833.jpg 560w, http:\/\/www.hunde-verstaendnis.de\/wp-content\/uploads\/2012\/11\/tmp_20140614_12164011865267833-172x300.jpg 172w\" sizes=\"auto, (max-width: 560px) 100vw, 560px\" \/><\/p>\n<p>In diesem Kurs widmen wir uns ganz dem Fuchsapport im Wald. Der\u00a0 Hund lernt das Apportieren von schwerem Wild sowie das Suchen und Bringen ohne entsprechendes Apport-Kommando.<\/p>\n<p>F\u00fcr die Teilnahme am VGP Kurs werden diese 4 \u00dcbungstermine als Vorbereitung empfohlen!<\/p>\n<p><strong>Themen:<\/strong><\/p>\n<ul>\n<li>Durchsetzen des Apports am Fuchs<\/li>\n<li>\u00dcben des Schickens auf 100 Meter Entfernung im Wald<\/li>\n<\/ul>\n<p><strong>Ziele:<\/strong><\/p>\n<ul>\n<li>Bringtreuepr\u00fcfung<\/li>\n<li>VGP Vorbereitung<\/li>\n<\/ul>\n<p><strong>Termine\/Ort:<\/strong><\/p>\n<ul>\n<li>\u00a0Apportel werden gestellt<\/li>\n<li>ab dem 2. Termin Waldrevier, \u00dcbungsf\u00fcchse sind von den TN mitzubringen, mind. 3,5 kg, max. 5 kg, keine Waidwundsch\u00fcsse!<\/li>\n<\/ul>\n<p><strong>Kosten: 100<\/strong>,00 \u20ac<\/p>\n","protected":false},"excerpt":{"rendered":"<p>In diesem Kurs widmen wir uns ganz dem Fuchsapport im Wald. Der\u00a0 Hund lernt das Apportieren von schwerem Wild sowie das Suchen und Bringen ohne entsprechendes Apport-Kommando. F\u00fcr die Teilnahme am VGP Kurs werden diese 4 \u00dcbungstermine als Vorbereitung empfohlen! Themen: Durchsetzen des Apports am Fuchs \u00dcben des Schickens auf 100 Meter Entfernung im Wald [&hellip;]<\/p>\n","protected":false},"author":1,"featured_media":0,"parent":0,"menu_order":0,"comment_status":"closed","ping_status":"closed","template":"","meta":{"footnotes":""},"class_list":["post-779","page","type-page","status-publish","hentry"],"_links":{"self":[{"href":"http:\/\/www.hunde-verstaendnis.de\/index.php?rest_route=\/wp\/v2\/pages\/779","targetHints":{"allow":["GET"]}}],"collection":[{"href":"http:\/\/www.hunde-verstaendnis.de\/index.php?rest_route=\/wp\/v2\/pages"}],"about":[{"href":"http:\/\/www.hunde-verstaendnis.de\/index.php?rest_route=\/wp\/v2\/types\/page"}],"author":[{"embeddable":true,"href":"http:\/\/www.hunde-verstaendnis.de\/index.php?rest_route=\/wp\/v2\/users\/1"}],"replies":[{"embeddable":true,"href":"http:\/\/www.hunde-verstaendnis.de\/index.php?rest_route=%2Fwp%2Fv2%2Fcomments&post=779"}],"version-history":[{"count":8,"href":"http:\/\/www.hunde-verstaendnis.de\/index.php?rest_route=\/wp\/v2\/pages\/779\/revisions"}],"predecessor-version":[{"id":1133,"href":"http:\/\/www.hunde-verstaendnis.de\/index.php?rest_route=\/wp\/v2\/pages\/779\/revisions\/1133"}],"wp:attachment":[{"href":"http:\/\/www.hunde-verstaendnis.de\/index.php?rest_route=%2Fwp%2Fv2%2Fmedia&parent=779"}],"curies":[{"name":"wp","href":"https:\/\/api.w.org\/{rel}","templated":true}]}}