{"id":786,"date":"2015-10-14T22:20:28","date_gmt":"2015-10-14T20:20:28","guid":{"rendered":"http:\/\/www.hunde-verstaendnis.de\/?page_id=786"},"modified":"2021-11-12T12:54:54","modified_gmt":"2021-11-12T10:54:54","slug":"vjp-vorbereitung-vorstehen","status":"publish","type":"page","link":"http:\/\/www.hunde-verstaendnis.de\/?page_id=786","title":{"rendered":"VJP Vorbereitung Vorstehen"},"content":{"rendered":"<p><img loading=\"lazy\" decoding=\"async\" class=\"aligncenter wp-image-805 size-full\" src=\"http:\/\/www.hunde-verstaendnis.de\/wp-content\/uploads\/2015\/10\/vorst.jpg\" alt=\"vorst\" width=\"1217\" height=\"809\" srcset=\"http:\/\/www.hunde-verstaendnis.de\/wp-content\/uploads\/2015\/10\/vorst.jpg 1217w, http:\/\/www.hunde-verstaendnis.de\/wp-content\/uploads\/2015\/10\/vorst-300x199.jpg 300w, http:\/\/www.hunde-verstaendnis.de\/wp-content\/uploads\/2015\/10\/vorst-1024x681.jpg 1024w\" sizes=\"auto, (max-width: 1217px) 100vw, 1217px\" \/><\/p>\n<p>Als Vorbereitung f\u00fcr die anstehenden Jugendpr\u00fcfungen wollen wir gemeinsam mit Euren Hunden die Vorstehanlagen \u00fcberpr\u00fcfen, f\u00f6rdern und festigen. Dies werden wir mit Hilfe einer langen Leine am Taubenwerfer\u00a0 erarbeiten. Das richtige Verhalten des Hundef\u00fchrers beim Vorstehen wird erkl\u00e4rt und selbst ge\u00fcbt. Wichtige Fragen, z.B. wie spreche ich meinen Hund an, wie trage ich ihn ab und wie kann ich Nachziehen f\u00f6rdern, werden gekl\u00e4rt.<\/p>\n<p><strong>Ziel:<\/strong><\/p>\n<ul>\n<li>die beim Vorstehhund angew\u00f6lfte Vorstehanlage soll durch Kontakt mit Wildwitterung geweckt werden<\/li>\n<li>durch die Feldleine wird ein Nachhetzen des Hundes verhindert und das Durchstehen gef\u00f6rdert<\/li>\n<\/ul>\n<p><strong>Mitzubringen:<\/strong><\/p>\n<ul>\n<li>gut passende, feststehende Halsung<\/li>\n<li>Feldleine<\/li>\n<\/ul>\n<p><strong>Termine\/Ort:<\/strong><\/p>\n<ul>\n<li>nach Bedarf und telefonischer Anmeldung in Vierergruppen<\/li>\n<\/ul>\n<p><strong>Kosten : <\/strong>Pro Termin 50,- \u20ac<\/p>\n<p><strong>\u00a0<\/strong><\/p>\n<p><strong>\u00a0<\/strong><\/p>\n<p style=\"text-align: center;\"><strong>Der Hund hat w\u00e4hrend der Veranstaltung <em>grunds\u00e4tzlich<\/em> eine Warnhalsung mit Telefonnummer zu tragen.<\/strong><\/p>\n","protected":false},"excerpt":{"rendered":"<p>Als Vorbereitung f\u00fcr die anstehenden Jugendpr\u00fcfungen wollen wir gemeinsam mit Euren Hunden die Vorstehanlagen \u00fcberpr\u00fcfen, f\u00f6rdern und festigen. Dies werden wir mit Hilfe einer langen Leine am Taubenwerfer\u00a0 erarbeiten. Das richtige Verhalten des Hundef\u00fchrers beim Vorstehen wird erkl\u00e4rt und selbst ge\u00fcbt. Wichtige Fragen, z.B. wie spreche ich meinen Hund an, wie trage ich ihn ab [&hellip;]<\/p>\n","protected":false},"author":1,"featured_media":0,"parent":0,"menu_order":0,"comment_status":"closed","ping_status":"closed","template":"","meta":{"footnotes":""},"class_list":["post-786","page","type-page","status-publish","hentry"],"_links":{"self":[{"href":"http:\/\/www.hunde-verstaendnis.de\/index.php?rest_route=\/wp\/v2\/pages\/786","targetHints":{"allow":["GET"]}}],"collection":[{"href":"http:\/\/www.hunde-verstaendnis.de\/index.php?rest_route=\/wp\/v2\/pages"}],"about":[{"href":"http:\/\/www.hunde-verstaendnis.de\/index.php?rest_route=\/wp\/v2\/types\/page"}],"author":[{"embeddable":true,"href":"http:\/\/www.hunde-verstaendnis.de\/index.php?rest_route=\/wp\/v2\/users\/1"}],"replies":[{"embeddable":true,"href":"http:\/\/www.hunde-verstaendnis.de\/index.php?rest_route=%2Fwp%2Fv2%2Fcomments&post=786"}],"version-history":[{"count":5,"href":"http:\/\/www.hunde-verstaendnis.de\/index.php?rest_route=\/wp\/v2\/pages\/786\/revisions"}],"predecessor-version":[{"id":1143,"href":"http:\/\/www.hunde-verstaendnis.de\/index.php?rest_route=\/wp\/v2\/pages\/786\/revisions\/1143"}],"wp:attachment":[{"href":"http:\/\/www.hunde-verstaendnis.de\/index.php?rest_route=%2Fwp%2Fv2%2Fmedia&parent=786"}],"curies":[{"name":"wp","href":"https:\/\/api.w.org\/{rel}","templated":true}]}}