{"id":789,"date":"2015-10-14T22:24:36","date_gmt":"2015-10-14T20:24:36","guid":{"rendered":"http:\/\/www.hunde-verstaendnis.de\/?page_id=789"},"modified":"2022-11-01T14:11:10","modified_gmt":"2022-11-01T12:11:10","slug":"vjp-vorbereitung-hasenspur","status":"publish","type":"page","link":"http:\/\/www.hunde-verstaendnis.de\/?page_id=789","title":{"rendered":"VJP Vorbereitung Hasenspur"},"content":{"rendered":"<p>Als Vorbereitung f\u00fcr die anstehenden Jugendpr\u00fcfungen wollen wir gemeinsam mit euren Hunden die richtige Arbeit auf der Hasenspur \u00fcben. Hierzu fahren wir in ein Hasenrevier. Vergleichbar mit den Jugendsuchen werden wir in Form einer B\u00f6hmischen Streife \u00fcber die Felder gehen und Hasen suchen. Wir erl\u00e4utern worauf ihr achten m\u00fcsst um die optimalen Bedingungen f\u00fcr euren Hund herzustellen. Das richtige Ansetzen auf der Hasenspur wird demonstriert und selbst ge\u00fcbt.<\/p>\n<p><strong>\u00a0<\/strong><\/p>\n<p><strong>Ziel:<\/strong><\/p>\n<ul>\n<li>Der Hund soll Erfahrungen sammeln auf der Hasenspur und dadurch in der Lage sein die Spur auch \u00fcber Hindernisse (Gr\u00e4ben, Z\u00e4une, Bewuchswechsel) zu arbeiten<\/li>\n<li>Der F\u00fchrer soll \u00fcben, wie er seinen Hund am besten an einer Hasenspur ansetzt<\/li>\n<\/ul>\n<p><strong>Mitzubringen sind:<\/strong><\/p>\n<ul>\n<li>Warnhalsung mit Namen und Telefonnummer!<\/li>\n<li>Pfeife<\/li>\n<li>Ansetzband, Leine und Halsung die gut zu \u00f6ffnen ist.<\/li>\n<li>Empfehlenswert sind Gummistiefel<\/li>\n<\/ul>\n<p><strong>Termine\/Ort: <\/strong><\/p>\n<ul>\n<li>Nach Absprache im M\u00e4rz an den Wochenenden<\/li>\n<\/ul>\n<p><strong>Kosten:<\/strong> 75,- \u20ac\u00a0 pro Termin<\/p>\n<p style=\"text-align: center;\"><strong>\u00a0Der Hund hat w\u00e4hrend der Veranstaltung <em>grunds\u00e4tzlich<\/em> eine Warnhalsung mit Telefonnummer zu tragen.<\/strong><\/p>\n","protected":false},"excerpt":{"rendered":"<p>Als Vorbereitung f\u00fcr die anstehenden Jugendpr\u00fcfungen wollen wir gemeinsam mit euren Hunden die richtige Arbeit auf der Hasenspur \u00fcben. Hierzu fahren wir in ein Hasenrevier. Vergleichbar mit den Jugendsuchen werden wir in Form einer B\u00f6hmischen Streife \u00fcber die Felder gehen und Hasen suchen. Wir erl\u00e4utern worauf ihr achten m\u00fcsst um die optimalen Bedingungen f\u00fcr euren [&hellip;]<\/p>\n","protected":false},"author":1,"featured_media":0,"parent":0,"menu_order":0,"comment_status":"closed","ping_status":"closed","template":"","meta":{"footnotes":""},"class_list":["post-789","page","type-page","status-publish","hentry"],"_links":{"self":[{"href":"http:\/\/www.hunde-verstaendnis.de\/index.php?rest_route=\/wp\/v2\/pages\/789","targetHints":{"allow":["GET"]}}],"collection":[{"href":"http:\/\/www.hunde-verstaendnis.de\/index.php?rest_route=\/wp\/v2\/pages"}],"about":[{"href":"http:\/\/www.hunde-verstaendnis.de\/index.php?rest_route=\/wp\/v2\/types\/page"}],"author":[{"embeddable":true,"href":"http:\/\/www.hunde-verstaendnis.de\/index.php?rest_route=\/wp\/v2\/users\/1"}],"replies":[{"embeddable":true,"href":"http:\/\/www.hunde-verstaendnis.de\/index.php?rest_route=%2Fwp%2Fv2%2Fcomments&post=789"}],"version-history":[{"count":4,"href":"http:\/\/www.hunde-verstaendnis.de\/index.php?rest_route=\/wp\/v2\/pages\/789\/revisions"}],"predecessor-version":[{"id":1154,"href":"http:\/\/www.hunde-verstaendnis.de\/index.php?rest_route=\/wp\/v2\/pages\/789\/revisions\/1154"}],"wp:attachment":[{"href":"http:\/\/www.hunde-verstaendnis.de\/index.php?rest_route=%2Fwp%2Fv2%2Fmedia&parent=789"}],"curies":[{"name":"wp","href":"https:\/\/api.w.org\/{rel}","templated":true}]}}