{"id":846,"date":"2015-10-16T22:21:44","date_gmt":"2015-10-16T20:21:44","guid":{"rendered":"http:\/\/www.hunde-verstaendnis.de\/?page_id=846"},"modified":"2025-08-10T17:30:18","modified_gmt":"2025-08-10T15:30:18","slug":"vorbereitung-auf-die-herbstpruefungen","status":"publish","type":"page","link":"http:\/\/www.hunde-verstaendnis.de\/?page_id=846","title":{"rendered":"Vorbereitung auf die Herbstpr\u00fcfungen"},"content":{"rendered":"<p>Dieses Angebot richtet sich besonders an Erstlingsf\u00fchrer oder Hundef\u00fchrer bei denen die Ausbildung des letzten Hundes schon etwas her ist. Aber auch an Hundef\u00fchrer die eine individuelle und intensive Trainerbetreuung in Kleingruppen bevorzugen.<\/p>\n<p>Die Gruppengr\u00f6\u00dfe pro Trainer liegt bei 4-maximal 6 Gespannen, dies erm\u00f6glicht es uns spezielle Themen direkt im Kurs zu bearbeiten. Die Gruppe ist klein genug um Wartezeit f\u00fcr das einzelne Gespann zu verringern und trotzdem gro\u00df genug um Standruhe, Treibjagd u.a. sinnvoll zu \u00fcben.<\/p>\n<p><strong>Unser Ziel ist es, eure Themen und Bed\u00fcrfnisse rund um die Ausbildung ganz intensiv, individuell und mit euch gemeinsam zu bearbeiten. Damit ihr am Ende einen brauchbaren Jagdhelfer an eurer Seite habt.<\/strong><\/p>\n<p><strong>Gute Hundeausbildung braucht Zeit, Geduld und kompetente Ausbilder.<\/strong><\/p>\n<p><strong>Themen:<\/strong><\/p>\n<ul>\n<li>Grundgehorsam, Leinenf\u00fchrigkeit, Orientierung am Hundef\u00fchrer<\/li>\n<li>Suche mit Schussfestigkeit<\/li>\n<li>Schleppenarbeit<\/li>\n<li>Wasser<\/li>\n<li>Gehorsamsf\u00e4cher<\/li>\n<li>Standruhe<\/li>\n<\/ul>\n<p><strong>Voraussetzung : <\/strong><\/p>\n<ul>\n<li>der Hund apportiert Apportiergegenst\u00e4nde auf Befehl sicher aus der Hand und vom Fu\u00dfboden.<\/li>\n<li>Der Hund ist leinenf\u00fchrig!<\/li>\n<li>Guter Grundgehorsam<\/li>\n<\/ul>\n<p><strong>Ziel: <\/strong>individuelle Vorbereitung in Feld und Wasser auf die jeweils angestrebte Pr\u00fcfung<\/p>\n<p><strong>Teilnehmerzahl: <u>maximal\u00a0<\/u><\/strong> 6 Gespanne<\/p>\n<p><strong>Termine:<\/strong><\/p>\n<ul>\n<li>10 Termine jeweils ca. 2 Stunden (alle zwei Wochen, Plan wird ausgeh\u00e4ndigt)<\/li>\n<\/ul>\n<p><strong>Kosten: <\/strong>480;- Euro<\/p>\n<p><strong>zus\u00e4tzliche Angebote:<\/strong><\/p>\n<ul>\n<li>Workshops zu den einzelnen Themen, Einzelstunden<\/li>\n<\/ul>\n<p><strong>vorhanden sind:<\/strong><\/p>\n<ul>\n<li>Apportiergegenst\u00e4nde<\/li>\n<\/ul>\n<p><strong>mitzubringen sind:<\/strong><\/p>\n<ul>\n<li>Hundepfeife<\/li>\n<\/ul>\n<ul>\n<li>Schleppenwild (Enten, Kaninchen) werden von jedem TN mitgebracht<\/li>\n<\/ul>\n<p>(gebraucht werden: ca. 10 Kaninchen und 10 Enten pro TN)<\/p>\n<p><em>\u00a0Pr\u00fcfungsenten und zertifizierten Enten zum Selbstkostenpreis.<\/em><\/p>\n<ul>\n<li>Ansetzband<\/li>\n<li>Schleppenzieherband<\/li>\n<li>Flinte + Munition<\/li>\n<\/ul>\n<p><strong>\u00a0<\/strong><\/p>\n<p><strong>Der Hund hat w\u00e4hrend des HZP Kurses <em>grunds\u00e4tzlich<\/em> eine Warnhalsung mit Telefonnummer zu tragen.<\/strong><\/p>\n<p><strong>Geschossen wird am Wasser <em>ausschlie\u00dflich<\/em> mit Stahlschrot<\/strong><\/p>\n","protected":false},"excerpt":{"rendered":"<p>Dieses Angebot richtet sich besonders an Erstlingsf\u00fchrer oder Hundef\u00fchrer bei denen die Ausbildung des letzten Hundes schon etwas her ist. Aber auch an Hundef\u00fchrer die eine individuelle und intensive Trainerbetreuung in Kleingruppen bevorzugen. Die Gruppengr\u00f6\u00dfe pro Trainer liegt bei 4-maximal 6 Gespannen, dies erm\u00f6glicht es uns spezielle Themen direkt im Kurs zu bearbeiten. Die Gruppe [&hellip;]<\/p>\n","protected":false},"author":1,"featured_media":0,"parent":0,"menu_order":0,"comment_status":"closed","ping_status":"closed","template":"","meta":{"footnotes":""},"class_list":["post-846","page","type-page","status-publish","hentry"],"_links":{"self":[{"href":"http:\/\/www.hunde-verstaendnis.de\/index.php?rest_route=\/wp\/v2\/pages\/846","targetHints":{"allow":["GET"]}}],"collection":[{"href":"http:\/\/www.hunde-verstaendnis.de\/index.php?rest_route=\/wp\/v2\/pages"}],"about":[{"href":"http:\/\/www.hunde-verstaendnis.de\/index.php?rest_route=\/wp\/v2\/types\/page"}],"author":[{"embeddable":true,"href":"http:\/\/www.hunde-verstaendnis.de\/index.php?rest_route=\/wp\/v2\/users\/1"}],"replies":[{"embeddable":true,"href":"http:\/\/www.hunde-verstaendnis.de\/index.php?rest_route=%2Fwp%2Fv2%2Fcomments&post=846"}],"version-history":[{"count":11,"href":"http:\/\/www.hunde-verstaendnis.de\/index.php?rest_route=\/wp\/v2\/pages\/846\/revisions"}],"predecessor-version":[{"id":1162,"href":"http:\/\/www.hunde-verstaendnis.de\/index.php?rest_route=\/wp\/v2\/pages\/846\/revisions\/1162"}],"wp:attachment":[{"href":"http:\/\/www.hunde-verstaendnis.de\/index.php?rest_route=%2Fwp%2Fv2%2Fmedia&parent=846"}],"curies":[{"name":"wp","href":"https:\/\/api.w.org\/{rel}","templated":true}]}}