{"id":850,"date":"2015-10-16T22:28:14","date_gmt":"2015-10-16T20:28:14","guid":{"rendered":"http:\/\/www.hunde-verstaendnis.de\/?page_id=850"},"modified":"2021-11-12T12:39:01","modified_gmt":"2021-11-12T10:39:01","slug":"workshop-feld-i","status":"publish","type":"page","link":"http:\/\/www.hunde-verstaendnis.de\/?page_id=850","title":{"rendered":"Workshop Feld I"},"content":{"rendered":"<p>Unsere Jagdhunde sind wichtige und unentbehrliche Helfer bei der Jagd auf Niederwild. Um Tierschutzgerecht jagen zu k\u00f6nnen, m\u00fcssen unsere Hunde die Nachsuche auf Niederwild inklusive dem Bringen beherrschen. Dar\u00fcber hinaus sollen sie Wild f\u00fcr uns aufsuchen. Diese F\u00e4higkeiten werden auf den Pr\u00fcfungen u.a. mit den F\u00e4chern Schleppe von Haar und Federwild und der Feldsuche abverlangt und \u00fcberpr\u00fcft.<\/p>\n<p>An unserem Workshop Tag wollen wir uns intensiv mit der Arbeit der Hunde im Feld auseinandersetzen. Wir arbeiten erste Schleppen, \u00fcben eine planvolle Quersuche und \u00fcberpr\u00fcfen die Schussfestigkeit der Hunde.<\/p>\n<p>Individuelle Fragen und Themen werden besprochen, Schwierigkeiten die sich ergeben bearbeitet und L\u00f6sungen aufgezeigt.<\/p>\n<p><strong>Voraussetzung : <\/strong><\/p>\n<ul>\n<li>der Hund apportiert ausgelegtes Nutzwild<\/li>\n<\/ul>\n<ul>\n<li>der Hund ist Schussfest im Feld<\/li>\n<\/ul>\n<p><strong>Termin:<\/strong><\/p>\n<p><strong>Teilnehmerzahl: maximal<\/strong> 10 Gespanne<\/p>\n<p><strong>Kosten: 75<\/strong>,- \u20ac<\/p>\n<p><strong>mitzubringen sind:<\/strong><\/p>\n<ul>\n<li>Hundepfeife<\/li>\n<li>Enten und Kaninchen<\/li>\n<li>Flinte und Schrotpatronen<\/li>\n<li>Lange Leine und feststehendes Halsband<\/li>\n<\/ul>\n<p><strong>\u00a0<\/strong><\/p>\n<p><strong>Der Hund hat w\u00e4hrend des Workshops <em>grunds\u00e4tzlich<\/em> eine Warnhalsung mit Telefonnummer zu tragen.<\/strong><\/p>\n<p><strong>Geschossen wird am Wasser <em>ausschlie\u00dflich<\/em> mit Stahlschrot.<\/strong><\/p>\n","protected":false},"excerpt":{"rendered":"<p>Unsere Jagdhunde sind wichtige und unentbehrliche Helfer bei der Jagd auf Niederwild. Um Tierschutzgerecht jagen zu k\u00f6nnen, m\u00fcssen unsere Hunde die Nachsuche auf Niederwild inklusive dem Bringen beherrschen. Dar\u00fcber hinaus sollen sie Wild f\u00fcr uns aufsuchen. Diese F\u00e4higkeiten werden auf den Pr\u00fcfungen u.a. mit den F\u00e4chern Schleppe von Haar und Federwild und der Feldsuche abverlangt [&hellip;]<\/p>\n","protected":false},"author":1,"featured_media":0,"parent":0,"menu_order":0,"comment_status":"closed","ping_status":"closed","template":"","meta":{"footnotes":""},"class_list":["post-850","page","type-page","status-publish","hentry"],"_links":{"self":[{"href":"http:\/\/www.hunde-verstaendnis.de\/index.php?rest_route=\/wp\/v2\/pages\/850","targetHints":{"allow":["GET"]}}],"collection":[{"href":"http:\/\/www.hunde-verstaendnis.de\/index.php?rest_route=\/wp\/v2\/pages"}],"about":[{"href":"http:\/\/www.hunde-verstaendnis.de\/index.php?rest_route=\/wp\/v2\/types\/page"}],"author":[{"embeddable":true,"href":"http:\/\/www.hunde-verstaendnis.de\/index.php?rest_route=\/wp\/v2\/users\/1"}],"replies":[{"embeddable":true,"href":"http:\/\/www.hunde-verstaendnis.de\/index.php?rest_route=%2Fwp%2Fv2%2Fcomments&post=850"}],"version-history":[{"count":5,"href":"http:\/\/www.hunde-verstaendnis.de\/index.php?rest_route=\/wp\/v2\/pages\/850\/revisions"}],"predecessor-version":[{"id":1136,"href":"http:\/\/www.hunde-verstaendnis.de\/index.php?rest_route=\/wp\/v2\/pages\/850\/revisions\/1136"}],"wp:attachment":[{"href":"http:\/\/www.hunde-verstaendnis.de\/index.php?rest_route=%2Fwp%2Fv2%2Fmedia&parent=850"}],"curies":[{"name":"wp","href":"https:\/\/api.w.org\/{rel}","templated":true}]}}