{"id":854,"date":"2015-10-16T22:32:24","date_gmt":"2015-10-16T20:32:24","guid":{"rendered":"http:\/\/www.hunde-verstaendnis.de\/?page_id=854"},"modified":"2021-11-12T13:00:41","modified_gmt":"2021-11-12T11:00:41","slug":"workshop-feld-ii","status":"publish","type":"page","link":"http:\/\/www.hunde-verstaendnis.de\/?page_id=854","title":{"rendered":"\u00dcbungstag Feld"},"content":{"rendered":"<p>Unsere Jagdhunde sind wichtige und unentbehrliche Helfer bei der Jagd auf Niederwild. Um tierschutzgerecht jagen zu k\u00f6nnen, m\u00fcssen unsere Hunde die Nachsuche auf Niederwild beherrschen. Zus\u00e4tzlich sollen sie Wild f\u00fcr uns finden und uns anzeigen. Diese F\u00e4higkeiten werden auf den Pr\u00fcfungen u.a. mit den F\u00e4chern Schleppe von Haar und Federwild, die Feldsuche und das Vorstehen abverlangt und \u00fcberpr\u00fcft.<\/p>\n<p>An unserem Workshop Tag wollen wir uns intensiv mit der Arbeit der Hunde im Feld auseinandersetzen.<\/p>\n<p>Individuelle Fragen und Themen werden besprochen, Schwierigkeiten die sich in der vorangegangenen \u00dcbungszeit gezeigt haben werden bearbeitet und L\u00f6sungen aufgezeigt.<\/p>\n<p><strong>Voraussetzung : <\/strong><\/p>\n<ul>\n<li>der Hund arbeitet bereits erste Schleppen<\/li>\n<li>der Hund ist Schussfest im Feld<\/li>\n<\/ul>\n<p><strong>Termine:<\/strong> Findet nach Bedarf statt<\/p>\n<p><strong>Teilnehmerzahl: maximal<\/strong> 5 Gespanne<strong><br \/>\n<\/strong><\/p>\n<p><strong>Kosten: <\/strong>95,- \u20ac<\/p>\n<p><strong>mitzubringen sind:<\/strong><\/p>\n<ul>\n<li>Hundepfeife<\/li>\n<li>Enten und Kaninchen<\/li>\n<li>Flinte und Schrotpatronen<\/li>\n<li>Lange Leine und feststehendes Halsband<\/li>\n<\/ul>\n<p><strong>Der Hund hat w\u00e4hrend des Workshops <em>grunds\u00e4tzlich<\/em> eine Warnhalsung mit Telefonnummer zu tragen.<\/strong><\/p>\n<p><strong>Geschossen wird am Wasser <em>ausschlie\u00dflich<\/em> mit Stahlschrot.<\/strong><\/p>\n","protected":false},"excerpt":{"rendered":"<p>Unsere Jagdhunde sind wichtige und unentbehrliche Helfer bei der Jagd auf Niederwild. Um tierschutzgerecht jagen zu k\u00f6nnen, m\u00fcssen unsere Hunde die Nachsuche auf Niederwild beherrschen. Zus\u00e4tzlich sollen sie Wild f\u00fcr uns finden und uns anzeigen. Diese F\u00e4higkeiten werden auf den Pr\u00fcfungen u.a. mit den F\u00e4chern Schleppe von Haar und Federwild, die Feldsuche und das Vorstehen [&hellip;]<\/p>\n","protected":false},"author":1,"featured_media":0,"parent":0,"menu_order":0,"comment_status":"closed","ping_status":"closed","template":"","meta":{"footnotes":""},"class_list":["post-854","page","type-page","status-publish","hentry"],"_links":{"self":[{"href":"http:\/\/www.hunde-verstaendnis.de\/index.php?rest_route=\/wp\/v2\/pages\/854","targetHints":{"allow":["GET"]}}],"collection":[{"href":"http:\/\/www.hunde-verstaendnis.de\/index.php?rest_route=\/wp\/v2\/pages"}],"about":[{"href":"http:\/\/www.hunde-verstaendnis.de\/index.php?rest_route=\/wp\/v2\/types\/page"}],"author":[{"embeddable":true,"href":"http:\/\/www.hunde-verstaendnis.de\/index.php?rest_route=\/wp\/v2\/users\/1"}],"replies":[{"embeddable":true,"href":"http:\/\/www.hunde-verstaendnis.de\/index.php?rest_route=%2Fwp%2Fv2%2Fcomments&post=854"}],"version-history":[{"count":6,"href":"http:\/\/www.hunde-verstaendnis.de\/index.php?rest_route=\/wp\/v2\/pages\/854\/revisions"}],"predecessor-version":[{"id":1146,"href":"http:\/\/www.hunde-verstaendnis.de\/index.php?rest_route=\/wp\/v2\/pages\/854\/revisions\/1146"}],"wp:attachment":[{"href":"http:\/\/www.hunde-verstaendnis.de\/index.php?rest_route=%2Fwp%2Fv2%2Fmedia&parent=854"}],"curies":[{"name":"wp","href":"https:\/\/api.w.org\/{rel}","templated":true}]}}