{"id":857,"date":"2015-10-16T22:39:44","date_gmt":"2015-10-16T20:39:44","guid":{"rendered":"http:\/\/www.hunde-verstaendnis.de\/?page_id=857"},"modified":"2021-11-12T12:44:30","modified_gmt":"2021-11-12T10:44:30","slug":"workshop-wasser-ii-rettungsschwimmer","status":"publish","type":"page","link":"http:\/\/www.hunde-verstaendnis.de\/?page_id=857","title":{"rendered":"Workshop Wasser II &#8222;Rettungsschwimmer&#8220;"},"content":{"rendered":"<p>Unsere Jagdhunde sind wichtige und unentbehrliche Helfer bei der Jagd auf Wasserwild. Um Tierschutzgerecht jagen zu k\u00f6nnen, m\u00fcssen unsere Hunde die Nachsuche auf Federwild beherrschen. Diese F\u00e4higkeiten werden auf den Pr\u00fcfungen u.a. mit den F\u00e4chern Schussfestigkeit am Wasser, bringen der toten Ente aus dem Schilf und im Rahmen der Brauchbarkeit die Arbeit an der lebenden Ente, abverlangt und \u00fcberpr\u00fcft.<\/p>\n<p>Aufbauend auf unseren ersten Wasserworkshop wollen wir uns jetzt der Einarbeitung an der lebenden Ente widmen. Hierzu fahren wir nach Mecklenburg Vorpommern.<\/p>\n<p>Zus\u00e4tzlich werden wir weiter an der Standruhe der Hunde arbeiten.<\/p>\n<p>Individuelle Fragen und Themen werden besprochen, Schwierigkeiten die sich in der vorangegangenen \u00dcbungszeit gezeigt haben werden bearbeitet und L\u00f6sungen aufgezeigt.<\/p>\n<p><strong>Voraussetzung :<br \/>\n<\/strong><\/p>\n<ul>\n<li>der Hund beherrscht das bringen der Ente aus dem Schilf<\/li>\n<li>der Hund ist Schussfest im Wasser<\/li>\n<li>der Hunde ist weitestgehend standruhig am Wasser<\/li>\n<\/ul>\n<p><strong>Termine: nach Absprache<\/strong><\/p>\n<p><strong>Teilnehmerzahl: <\/strong>maximal 10 Gespanne<strong><br \/>\n<\/strong><\/p>\n<p><strong>Kosten: 115,- \u20ac<\/strong><\/p>\n<p><strong>mitzubringen sind:<\/strong><\/p>\n<ul>\n<li>Hundepfeife<\/li>\n<li>tote Enten (lebende Enten werden zum Selbstkostenpreis organisiert)<\/li>\n<li>Flinte und Schrotpatronen<\/li>\n<\/ul>\n<p><strong>\u00a0<\/strong><\/p>\n<p style=\"text-align: center;\"><strong>Der Hund hat w\u00e4hrend des HZP Kurses <em>grunds\u00e4tzlich<\/em> eine Warnhalsung mit Telefonnummer zu tragen. Geschossen wird am Wasser <em>ausschlie\u00dflich<\/em> mit Stahlschrot.<\/strong><\/p>\n","protected":false},"excerpt":{"rendered":"<p>Unsere Jagdhunde sind wichtige und unentbehrliche Helfer bei der Jagd auf Wasserwild. Um Tierschutzgerecht jagen zu k\u00f6nnen, m\u00fcssen unsere Hunde die Nachsuche auf Federwild beherrschen. Diese F\u00e4higkeiten werden auf den Pr\u00fcfungen u.a. mit den F\u00e4chern Schussfestigkeit am Wasser, bringen der toten Ente aus dem Schilf und im Rahmen der Brauchbarkeit die Arbeit an der lebenden [&hellip;]<\/p>\n","protected":false},"author":1,"featured_media":0,"parent":0,"menu_order":0,"comment_status":"closed","ping_status":"closed","template":"","meta":{"footnotes":""},"class_list":["post-857","page","type-page","status-publish","hentry"],"_links":{"self":[{"href":"http:\/\/www.hunde-verstaendnis.de\/index.php?rest_route=\/wp\/v2\/pages\/857","targetHints":{"allow":["GET"]}}],"collection":[{"href":"http:\/\/www.hunde-verstaendnis.de\/index.php?rest_route=\/wp\/v2\/pages"}],"about":[{"href":"http:\/\/www.hunde-verstaendnis.de\/index.php?rest_route=\/wp\/v2\/types\/page"}],"author":[{"embeddable":true,"href":"http:\/\/www.hunde-verstaendnis.de\/index.php?rest_route=\/wp\/v2\/users\/1"}],"replies":[{"embeddable":true,"href":"http:\/\/www.hunde-verstaendnis.de\/index.php?rest_route=%2Fwp%2Fv2%2Fcomments&post=857"}],"version-history":[{"count":7,"href":"http:\/\/www.hunde-verstaendnis.de\/index.php?rest_route=\/wp\/v2\/pages\/857\/revisions"}],"predecessor-version":[{"id":1139,"href":"http:\/\/www.hunde-verstaendnis.de\/index.php?rest_route=\/wp\/v2\/pages\/857\/revisions\/1139"}],"wp:attachment":[{"href":"http:\/\/www.hunde-verstaendnis.de\/index.php?rest_route=%2Fwp%2Fv2%2Fmedia&parent=857"}],"curies":[{"name":"wp","href":"https:\/\/api.w.org\/{rel}","templated":true}]}}