{"id":881,"date":"2015-10-28T10:58:01","date_gmt":"2015-10-28T08:58:01","guid":{"rendered":"http:\/\/www.hunde-verstaendnis.de\/?page_id=881"},"modified":"2015-11-27T16:39:28","modified_gmt":"2015-11-27T14:39:28","slug":"szeles-pruefungen-und-gesundheitszeugnisse","status":"publish","type":"page","link":"http:\/\/www.hunde-verstaendnis.de\/?page_id=881","title":{"rendered":"Szeles Pr\u00fcfungen &#038; Nachweise"},"content":{"rendered":"<p><img loading=\"lazy\" decoding=\"async\" class=\" wp-image-893 aligncenter\" src=\"http:\/\/www.hunde-verstaendnis.de\/wp-content\/uploads\/2015\/10\/IMG_2832-e1446024673281.jpg\" alt=\"IMG_2832\" width=\"650\" height=\"977\" \/><\/p>\n<p><span style=\"color: #333333;\"><a style=\"color: #333333;\" href=\"http:\/\/www.hunde-verstaendnis.de\/?page_id=33\">Ahnentafel <\/a><a style=\"color: #333333;\" href=\"http:\/\/www.hunde-verstaendnis.de\/?page_id=33\"><span style=\"text-decoration: underline;\">Details<\/span><\/a><\/span><\/p>\n<p><span style=\"color: #333333;\"><a style=\"color: #333333;\" href=\"http:\/\/www.hunde-verstaendnis.de\/?page_id=365\">Verbandsjugendpr\u00fcfung (VJP) <span style=\"text-decoration: underline;\">Details<\/span><\/a><\/span><\/p>\n<p><span style=\"color: #333333;\"><a style=\"color: #333333;\" href=\"http:\/\/www.hunde-verstaendnis.de\/?page_id=360\">Herbstzuchtpr\u00fcfung (HZP) <span style=\"text-decoration: underline;\">Details<\/span><\/a><\/span><\/p>\n<p><span style=\"color: #333333;\"><a style=\"color: #333333;\" href=\"http:\/\/www.hunde-verstaendnis.de\/?page_id=423\">Bringtreue\u00a0<span style=\"text-decoration: underline;\">Details<\/span> <\/a><\/span><\/p>\n<p><span style=\"color: #333333;\"><a style=\"color: #333333;\" href=\"http:\/\/www.hunde-verstaendnis.de\/?page_id=953\">Verbandsgebrauchspr\u00fcfung (VGP) <span style=\"text-decoration: underline;\">Details<\/span><\/a><\/span><\/p>\n<p><span style=\"color: #333333;\"><a style=\"color: #333333;\" href=\"http:\/\/www.hunde-verstaendnis.de\/?page_id=367\">Zuchtzulassung <span style=\"text-decoration: underline;\">Details<\/span><\/a><\/span><\/p>\n<p><span style=\"color: #333333;\"><a style=\"color: #333333;\" href=\"http:\/\/www.hunde-verstaendnis.de\/?page_id=899\">Lautnachweis <\/a><a style=\"color: #333333;\" href=\"http:\/\/www.hunde-verstaendnis.de\/?page_id=899\"><span style=\"text-decoration: underline;\">Details<\/span><\/a><\/span><\/p>\n<p><span style=\"color: #333333;\">Kolossy G\u00e1bor Eml\u00e9kverseny (Feld-&amp; Wasserpr\u00fcfung) Ungarn <\/span><span style=\"color: #000000;\"><a style=\"color: #000000;\" href=\"http:\/\/www.hunde-verstaendnis.de\/?page_id=367\"><span style=\"text-decoration: underline;\">D<\/span><\/a><a style=\"color: #000000;\" href=\"http:\/\/www.hunde-verstaendnis.de\/?page_id=903\"><span style=\"text-decoration: underline;\">etails<\/span><\/a><\/span><\/p>\n","protected":false},"excerpt":{"rendered":"<p>Ahnentafel Details Verbandsjugendpr\u00fcfung (VJP) Details Herbstzuchtpr\u00fcfung (HZP) Details Bringtreue\u00a0Details Verbandsgebrauchspr\u00fcfung (VGP) Details Zuchtzulassung Details Lautnachweis Details Kolossy G\u00e1bor Eml\u00e9kverseny (Feld-&amp; Wasserpr\u00fcfung) Ungarn Details<\/p>\n","protected":false},"author":1,"featured_media":0,"parent":0,"menu_order":0,"comment_status":"closed","ping_status":"closed","template":"","meta":{"footnotes":""},"class_list":["post-881","page","type-page","status-publish","hentry"],"_links":{"self":[{"href":"http:\/\/www.hunde-verstaendnis.de\/index.php?rest_route=\/wp\/v2\/pages\/881","targetHints":{"allow":["GET"]}}],"collection":[{"href":"http:\/\/www.hunde-verstaendnis.de\/index.php?rest_route=\/wp\/v2\/pages"}],"about":[{"href":"http:\/\/www.hunde-verstaendnis.de\/index.php?rest_route=\/wp\/v2\/types\/page"}],"author":[{"embeddable":true,"href":"http:\/\/www.hunde-verstaendnis.de\/index.php?rest_route=\/wp\/v2\/users\/1"}],"replies":[{"embeddable":true,"href":"http:\/\/www.hunde-verstaendnis.de\/index.php?rest_route=%2Fwp%2Fv2%2Fcomments&post=881"}],"version-history":[{"count":17,"href":"http:\/\/www.hunde-verstaendnis.de\/index.php?rest_route=\/wp\/v2\/pages\/881\/revisions"}],"predecessor-version":[{"id":990,"href":"http:\/\/www.hunde-verstaendnis.de\/index.php?rest_route=\/wp\/v2\/pages\/881\/revisions\/990"}],"wp:attachment":[{"href":"http:\/\/www.hunde-verstaendnis.de\/index.php?rest_route=%2Fwp%2Fv2%2Fmedia&parent=881"}],"curies":[{"name":"wp","href":"https:\/\/api.w.org\/{rel}","templated":true}]}}