{"id":903,"date":"2015-10-28T11:50:17","date_gmt":"2015-10-28T09:50:17","guid":{"rendered":"http:\/\/www.hunde-verstaendnis.de\/?page_id=903"},"modified":"2015-10-28T11:59:53","modified_gmt":"2015-10-28T09:59:53","slug":"kolossy-gabor-emlekverseny-feld-und-wasserpruefung-in-ungarn","status":"publish","type":"page","link":"http:\/\/www.hunde-verstaendnis.de\/?page_id=903","title":{"rendered":"Kolossy G\u00e1bor Eml\u00e9kverseny (Feld- und Wasserpr\u00fcfung) in Ungarn"},"content":{"rendered":"<p>Am Samstag den 22.09.2014 haben meine Szeles (Scarlett von Haus Schladern UD) und ich in Ungarn den dritten Platz bei der Kolossy G\u00e1bor Eml\u00e9kverseny (Feld &#8211; und Wasserpr\u00fcfung) erreicht. Au\u00dferdem wurde Szeles ausgezeichnet als bester ausl\u00e4ndischer Hund und bester Ungarisch Drahthaar. Die Aufgaben waren wirklich sehr anspruchsvoll und das Wasser mehr als schwierig. Ziel war es zu bestehen und nun bin ich mehr als happy. Gewonnen hat eine 4 j\u00e4hrige DK H\u00fcndin und zweiter wurde ein 5 j\u00e4hriger UK R\u00fcde, beide gef\u00fchrt von ungarischen Profiausbildern. Szeles hat mit ihren zwei Jahren auf ihrem ersten Wettbewerb mehr als gegl\u00e4nzt.<\/p>\n<p><img loading=\"lazy\" decoding=\"async\" class=\"size-full wp-image-906 aligncenter\" src=\"http:\/\/www.hunde-verstaendnis.de\/wp-content\/uploads\/2015\/10\/Kolossy.jpg\" alt=\"Kolossy\" width=\"530\" height=\"748\" srcset=\"http:\/\/www.hunde-verstaendnis.de\/wp-content\/uploads\/2015\/10\/Kolossy.jpg 530w, http:\/\/www.hunde-verstaendnis.de\/wp-content\/uploads\/2015\/10\/Kolossy-213x300.jpg 213w\" sizes=\"auto, (max-width: 530px) 100vw, 530px\" \/><img loading=\"lazy\" decoding=\"async\" class=\"size-full wp-image-907 aligncenter\" src=\"http:\/\/www.hunde-verstaendnis.de\/wp-content\/uploads\/2015\/10\/KolossyI.jpg\" alt=\"KolossyI\" width=\"512\" height=\"727\" srcset=\"http:\/\/www.hunde-verstaendnis.de\/wp-content\/uploads\/2015\/10\/KolossyI.jpg 512w, http:\/\/www.hunde-verstaendnis.de\/wp-content\/uploads\/2015\/10\/KolossyI-211x300.jpg 211w\" sizes=\"auto, (max-width: 512px) 100vw, 512px\" \/><\/p>\n","protected":false},"excerpt":{"rendered":"<p>Am Samstag den 22.09.2014 haben meine Szeles (Scarlett von Haus Schladern UD) und ich in Ungarn den dritten Platz bei der Kolossy G\u00e1bor Eml\u00e9kverseny (Feld &#8211; und Wasserpr\u00fcfung) erreicht. Au\u00dferdem wurde Szeles ausgezeichnet als bester ausl\u00e4ndischer Hund und bester Ungarisch Drahthaar. Die Aufgaben waren wirklich sehr anspruchsvoll und das Wasser mehr als schwierig. Ziel war [&hellip;]<\/p>\n","protected":false},"author":1,"featured_media":0,"parent":0,"menu_order":0,"comment_status":"closed","ping_status":"closed","template":"","meta":{"footnotes":""},"class_list":["post-903","page","type-page","status-publish","hentry"],"_links":{"self":[{"href":"http:\/\/www.hunde-verstaendnis.de\/index.php?rest_route=\/wp\/v2\/pages\/903","targetHints":{"allow":["GET"]}}],"collection":[{"href":"http:\/\/www.hunde-verstaendnis.de\/index.php?rest_route=\/wp\/v2\/pages"}],"about":[{"href":"http:\/\/www.hunde-verstaendnis.de\/index.php?rest_route=\/wp\/v2\/types\/page"}],"author":[{"embeddable":true,"href":"http:\/\/www.hunde-verstaendnis.de\/index.php?rest_route=\/wp\/v2\/users\/1"}],"replies":[{"embeddable":true,"href":"http:\/\/www.hunde-verstaendnis.de\/index.php?rest_route=%2Fwp%2Fv2%2Fcomments&post=903"}],"version-history":[{"count":3,"href":"http:\/\/www.hunde-verstaendnis.de\/index.php?rest_route=\/wp\/v2\/pages\/903\/revisions"}],"predecessor-version":[{"id":908,"href":"http:\/\/www.hunde-verstaendnis.de\/index.php?rest_route=\/wp\/v2\/pages\/903\/revisions\/908"}],"wp:attachment":[{"href":"http:\/\/www.hunde-verstaendnis.de\/index.php?rest_route=%2Fwp%2Fv2%2Fmedia&parent=903"}],"curies":[{"name":"wp","href":"https:\/\/api.w.org\/{rel}","templated":true}]}}